{"id":960,"date":"2024-02-22T20:40:44","date_gmt":"2024-02-22T19:40:44","guid":{"rendered":"https:\/\/rezaboost.com\/?page_id=960"},"modified":"2024-10-11T20:10:35","modified_gmt":"2024-10-11T18:10:35","slug":"reseau","status":"publish","type":"page","link":"https:\/\/rezaboost.com\/index.php\/reseau\/","title":{"rendered":"Notre r\u00e9seau"},"content":{"rendered":"<p>[et_pb_section fb_built=&#8221;1&#8243; admin_label=&#8221;Footer&#8221; _builder_version=&#8221;4.24.0&#8243; _module_preset=&#8221;default&#8221; background_color=&#8221;#000000&#8243; background_image=&#8221;https:\/\/rezaboost.com\/wp-content\/uploads\/2024\/01\/gradient-bg-02-2.jpg&#8221; background_position=&#8221;top_center&#8221; custom_padding=&#8221;4vw||1vw||false|false&#8221; saved_tabs=&#8221;all&#8221; collapsed=&#8221;on&#8221; global_colors_info=&#8221;{}&#8221;][et_pb_row _builder_version=&#8221;4.24.0&#8243; _module_preset=&#8221;default&#8221; width=&#8221;100%&#8221; locked=&#8221;off&#8221; global_colors_info=&#8221;{}&#8221;][et_pb_column type=&#8221;4_4&#8243; _builder_version=&#8221;4.23.4&#8243; _module_preset=&#8221;default&#8221; global_colors_info=&#8221;{}&#8221;][et_pb_text _builder_version=&#8221;4.24.0&#8243; _module_preset=&#8221;default&#8221; text_font_size=&#8221;129px&#8221; background_enable_image=&#8221;off&#8221; background_size=&#8221;custom&#8221; background_image_width=&#8221;35%&#8221; background_position=&#8221;center_right&#8221; background_horizontal_offset=&#8221;2%&#8221; text_orientation=&#8221;center&#8221; custom_margin=&#8221;||72px|||&#8221; custom_padding=&#8221;0px|||||&#8221; text_font_size_tablet=&#8221;129px&#8221; text_font_size_phone=&#8221;75px&#8221; text_font_size_last_edited=&#8221;on|tablet&#8221; text_text_shadow_style=&#8221;preset1&#8243; text_text_shadow_horizontal_length=&#8221;0.07em&#8221; text_text_shadow_blur_strength=&#8221;0.16em&#8221; global_colors_info=&#8221;{}&#8221;]<\/p>\n<p><span style=\"color: #ffffff;\">RezaBoost<\/span><\/p>\n<p>[\/et_pb_text][et_pb_text _builder_version=&#8221;4.24.0&#8243; _module_preset=&#8221;default&#8221; text_text_color=&#8221;#E02B20&#8243; text_font_size=&#8221;32px&#8221; text_letter_spacing=&#8221;1px&#8221; text_line_height=&#8221;1.8em&#8221; global_colors_info=&#8221;{}&#8221;]<\/p>\n<p style=\"text-align: center;\"><span style=\"color: #e02b20;\">Rejoignez notre <\/span>r\u00e9seau<span style=\"color: #e02b20;\"><\/span><\/p>\n<p style=\"text-align: center;\"><span style=\"color: #e02b20;\"><\/span><\/p>\n<p>[\/et_pb_text][et_pb_text _builder_version=&#8221;4.24.2&#8243; _module_preset=&#8221;default&#8221; text_font=&#8221;|300|||||||&#8221; text_text_color=&#8221;#FFFFFF&#8221; text_font_size=&#8221;22px&#8221; text_line_height=&#8221;1.8em&#8221; header_font=&#8221;|300|||||||&#8221; header_text_color=&#8221;#FFFFFF&#8221; custom_margin_tablet=&#8221;&#8221; custom_margin_phone=&#8221;|16px||16px|false|true&#8221; custom_margin_last_edited=&#8221;on|phone&#8221; text_font_size_tablet=&#8221;22px&#8221; text_font_size_phone=&#8221;19px&#8221; text_font_size_last_edited=&#8221;on|phone&#8221; global_colors_info=&#8221;{}&#8221;]<\/p>\n<p><span>Nous recherchons en permanence des prestataires et des partenaires de confiance. Nous visons une couverture totale du territoire pour r\u00e9pondre efficacement \u00e0 chaque demande. Notre but est de ficeler un r\u00e9seau solide et ancr\u00e9 localement stimulant ainsi l&#8217;\u00e9conomie locale tout en r\u00e9pondant aux imp\u00e9ratifs d&#8217;une conscience \u00e9cologique.<\/span><\/p>\n<p><span><\/span><\/p>\n<p><span><\/span><\/p>\n<p><span><\/span><\/p>\n<p>[\/et_pb_text][\/et_pb_column][\/et_pb_row][et_pb_row column_structure=&#8221;1_3,1_3,1_3&#8243; _builder_version=&#8221;4.24.2&#8243; _module_preset=&#8221;default&#8221; global_colors_info=&#8221;{}&#8221;][et_pb_column type=&#8221;1_3&#8243; _builder_version=&#8221;4.24.2&#8243; _module_preset=&#8221;default&#8221; global_colors_info=&#8221;{}&#8221;][et_pb_text _builder_version=&#8221;4.24.2&#8243; _module_preset=&#8221;default&#8221; text_font=&#8221;|||||on|||&#8221; text_text_color=&#8221;#FFFFFF&#8221; text_font_size=&#8221;30px&#8221; text_orientation=&#8221;center&#8221; global_colors_info=&#8221;{}&#8221;]<\/p>\n<p>Prestataires<\/p>\n<p>[\/et_pb_text][et_pb_image src=&#8221;https:\/\/rezaboost.com\/wp-content\/uploads\/2024\/02\/Capture_d_ecran_2024-02-28_a_22.05.06-removebg-preview.png&#8221; title_text=&#8221;Capture_d_\u00e9cran_2024-02-28_\u00e0_22.05.06-removebg-preview&#8221; _builder_version=&#8221;4.24.2&#8243; _module_preset=&#8221;default&#8221; border_radii=&#8221;on|12px|12px|12px|12px&#8221; border_color_all=&#8221;#FFFFFF&#8221; border_style_all=&#8221;dashed&#8221; box_shadow_style=&#8221;preset1&#8243; global_colors_info=&#8221;{}&#8221;][\/et_pb_image][et_pb_button button_url=&#8221;https:\/\/rezaboost.com\/index.php\/contact\/&#8221; button_text=&#8221;Je veux rejoindre le r\u00e9seau prestataire&#8221; button_alignment=&#8221;center&#8221; _builder_version=&#8221;4.24.2&#8243; _module_preset=&#8221;default&#8221; custom_button=&#8221;on&#8221; button_text_size=&#8221;15px&#8221; box_shadow_style=&#8221;preset1&#8243; global_colors_info=&#8221;{}&#8221;][\/et_pb_button][et_pb_text _builder_version=&#8221;4.24.2&#8243; _module_preset=&#8221;default&#8221; text_font=&#8221;||||||||&#8221; text_text_color=&#8221;#FFFFFF&#8221; text_font_size=&#8221;18px&#8221; text_line_height=&#8221;1.4em&#8221; text_font_size_tablet=&#8221;18px&#8221; text_font_size_phone=&#8221;15px&#8221; text_font_size_last_edited=&#8221;on|phone&#8221; global_colors_info=&#8221;{}&#8221;]<\/p>\n<p>M\u00e9nage<\/p>\n<p>Blanchisserie<\/p>\n<p>Photographe<\/p>\n<p>Jardinier<\/p>\n<p>Travaux manuels<\/p>\n<p>Electricit\u00e9<\/p>\n<p>Plomberie<\/p>\n<p>&nbsp;<\/p>\n<p>[\/et_pb_text][\/et_pb_column][et_pb_column type=&#8221;1_3&#8243; _builder_version=&#8221;4.24.2&#8243; _module_preset=&#8221;default&#8221; global_colors_info=&#8221;{}&#8221;][et_pb_text _builder_version=&#8221;4.24.2&#8243; _module_preset=&#8221;default&#8221; text_font=&#8221;|||||on|||&#8221; text_text_color=&#8221;#FFFFFF&#8221; text_font_size=&#8221;30px&#8221; text_orientation=&#8221;center&#8221; global_colors_info=&#8221;{}&#8221;]<\/p>\n<p>Partenaires<\/p>\n<p>[\/et_pb_text][et_pb_image src=&#8221;https:\/\/rezaboost.com\/wp-content\/uploads\/2024\/02\/Capture_d_ecran_2024-02-28_a_22.13.14-removebg-preview.png&#8221; title_text=&#8221;Capture_d_\u00e9cran_2024-02-28_\u00e0_22.13.14-removebg-preview&#8221; _builder_version=&#8221;4.24.2&#8243; _module_preset=&#8221;default&#8221; border_radii=&#8221;on|12px|12px|12px|12px&#8221; box_shadow_style=&#8221;preset1&#8243; global_colors_info=&#8221;{}&#8221;][\/et_pb_image][et_pb_button button_url=&#8221;https:\/\/rezaboost.com\/index.php\/contact\/&#8221; button_text=&#8221;Je veux \u00eatre partenaire !&#8221; button_alignment=&#8221;center&#8221; _builder_version=&#8221;4.24.2&#8243; _module_preset=&#8221;default&#8221; custom_button=&#8221;on&#8221; button_text_size=&#8221;15px&#8221; box_shadow_style=&#8221;preset1&#8243; global_colors_info=&#8221;{}&#8221;][\/et_pb_button][et_pb_text _builder_version=&#8221;4.24.2&#8243; _module_preset=&#8221;default&#8221; text_font=&#8221;||||||||&#8221; text_text_color=&#8221;#FFFFFF&#8221; text_font_size=&#8221;15px&#8221; text_line_height=&#8221;1.4em&#8221; global_colors_info=&#8221;{}&#8221;]<\/p>\n<p>Boulangeries<\/p>\n<p>Commerces<\/p>\n<p>Restaurants<\/p>\n<p>Esthetisme, Massages<\/p>\n<p>Activit\u00e9s (culturelles, sportives&#8230;)<\/p>\n<p>&nbsp;<\/p>\n<p>&nbsp;<\/p>\n<p>[\/et_pb_text][\/et_pb_column][et_pb_column type=&#8221;1_3&#8243; _builder_version=&#8221;4.24.2&#8243; _module_preset=&#8221;default&#8221; global_colors_info=&#8221;{}&#8221;][et_pb_text _builder_version=&#8221;4.24.2&#8243; _module_preset=&#8221;default&#8221; text_font=&#8221;|||||on|||&#8221; text_text_color=&#8221;#FFFFFF&#8221; text_font_size=&#8221;30px&#8221; text_orientation=&#8221;center&#8221; global_colors_info=&#8221;{}&#8221;]<\/p>\n<p>Conciergeries<\/p>\n<p>[\/et_pb_text][et_pb_image src=&#8221;https:\/\/rezaboost.com\/wp-content\/uploads\/2024\/10\/jeune-femme-emprunte-pour-service-bancaire_1334819-35400-1.jpg-removebg-preview.png&#8221; title_text=&#8221;jeune-femme-emprunte-pour-service-bancaire_1334819-35400-1.jpg-removebg-preview&#8221; _builder_version=&#8221;4.26.0&#8243; _module_preset=&#8221;default&#8221; hover_enabled=&#8221;0&#8243; border_radii=&#8221;on|12px|12px|12px|12px&#8221; box_shadow_style=&#8221;preset1&#8243; global_colors_info=&#8221;{}&#8221; sticky_enabled=&#8221;0&#8243;][\/et_pb_image][et_pb_button button_url=&#8221;https:\/\/rezaboost.com\/index.php\/contact\/&#8221; button_text=&#8221;Ouvrir ma conciergerie&#8221; button_alignment=&#8221;center&#8221; _builder_version=&#8221;4.24.2&#8243; _module_preset=&#8221;default&#8221; custom_button=&#8221;on&#8221; button_text_size=&#8221;15px&#8221; box_shadow_style=&#8221;preset1&#8243; global_colors_info=&#8221;{}&#8221; custom_margin=&#8221;141px|||||&#8221;][\/et_pb_button][et_pb_text _builder_version=&#8221;4.26.0&#8243; _module_preset=&#8221;default&#8221; text_font=&#8221;||||||||&#8221; text_text_color=&#8221;#FFFFFF&#8221; text_font_size=&#8221;15px&#8221; text_line_height=&#8221;1.4em&#8221; link_option_url=&#8221;www.conciergerieboost.fr&#8221; hover_enabled=&#8221;0&#8243; global_colors_info=&#8221;{}&#8221; sticky_enabled=&#8221;0&#8243;]<\/p>\n<p><a href=\"http:\/\/www.conciergerieboost.fr\">www.conciergerieboost.fr<\/a><br \/><a href=\"http:\/\/www.lesclefsdelalpe.fr\">www.lesclefsdelalpe.fr<\/a><\/p>\n<p>[\/et_pb_text][\/et_pb_column][\/et_pb_row][\/et_pb_section]<\/p>\n","protected":false},"excerpt":{"rendered":"<p>RezaBoostRejoignez notre r\u00e9seau Nous recherchons en permanence des prestataires et des partenaires de confiance. Nous visons une couverture totale du territoire pour r\u00e9pondre efficacement \u00e0 chaque demande. Notre but est de ficeler un r\u00e9seau solide et ancr\u00e9 localement stimulant ainsi l&#8217;\u00e9conomie locale tout en r\u00e9pondant aux imp\u00e9ratifs d&#8217;une conscience \u00e9cologique. PrestatairesM\u00e9nage Blanchisserie Photographe Jardinier Travaux [&hellip;]<\/p>\n","protected":false},"author":1,"featured_media":0,"parent":0,"menu_order":0,"comment_status":"closed","ping_status":"closed","template":"","meta":{"_et_pb_use_builder":"on","_et_pb_old_content":"","_et_gb_content_width":"","footnotes":""},"yoast_head":"<!-- This site is optimized with the Yoast SEO plugin v23.0 - https:\/\/yoast.com\/wordpress\/plugins\/seo\/ -->\n<title>Notre r\u00e9seau - rezaboost.com<\/title>\n<meta name=\"robots\" content=\"index, follow, max-snippet:-1, max-image-preview:large, max-video-preview:-1\" \/>\n<link rel=\"canonical\" href=\"https:\/\/rezaboost.com\/index.php\/reseau\/\" \/>\n<meta property=\"og:locale\" content=\"en_US\" \/>\n<meta property=\"og:type\" content=\"article\" \/>\n<meta property=\"og:title\" content=\"Notre r\u00e9seau - rezaboost.com\" \/>\n<meta property=\"og:description\" content=\"RezaBoostRejoignez notre r\u00e9seau Nous recherchons en permanence des prestataires et des partenaires de confiance. Nous visons une couverture totale du territoire pour r\u00e9pondre efficacement \u00e0 chaque demande. Notre but est de ficeler un r\u00e9seau solide et ancr\u00e9 localement stimulant ainsi l&#039;\u00e9conomie locale tout en r\u00e9pondant aux imp\u00e9ratifs d&#039;une conscience \u00e9cologique. PrestatairesM\u00e9nage Blanchisserie Photographe Jardinier Travaux [&hellip;]\" \/>\n<meta property=\"og:url\" content=\"https:\/\/rezaboost.com\/index.php\/reseau\/\" \/>\n<meta property=\"og:site_name\" content=\"rezaboost.com\" \/>\n<meta property=\"article:publisher\" content=\"https:\/\/www.facebook.com\/profile.php?id=61557172160558\" \/>\n<meta property=\"article:modified_time\" content=\"2024-10-11T18:10:35+00:00\" \/>\n<meta name=\"twitter:card\" content=\"summary_large_image\" \/>\n<meta name=\"twitter:label1\" content=\"Est. reading time\" \/>\n\t<meta name=\"twitter:data1\" content=\"4 minutes\" \/>\n<script type=\"application\/ld+json\" class=\"yoast-schema-graph\">{\"@context\":\"https:\/\/schema.org\",\"@graph\":[{\"@type\":\"WebPage\",\"@id\":\"https:\/\/rezaboost.com\/index.php\/reseau\/\",\"url\":\"https:\/\/rezaboost.com\/index.php\/reseau\/\",\"name\":\"Notre r\u00e9seau - rezaboost.com\",\"isPartOf\":{\"@id\":\"https:\/\/rezaboost.com\/#website\"},\"datePublished\":\"2024-02-22T19:40:44+00:00\",\"dateModified\":\"2024-10-11T18:10:35+00:00\",\"breadcrumb\":{\"@id\":\"https:\/\/rezaboost.com\/index.php\/reseau\/#breadcrumb\"},\"inLanguage\":\"en-US\",\"potentialAction\":[{\"@type\":\"ReadAction\",\"target\":[\"https:\/\/rezaboost.com\/index.php\/reseau\/\"]}]},{\"@type\":\"BreadcrumbList\",\"@id\":\"https:\/\/rezaboost.com\/index.php\/reseau\/#breadcrumb\",\"itemListElement\":[{\"@type\":\"ListItem\",\"position\":1,\"name\":\"Accueil\",\"item\":\"https:\/\/rezaboost.com\/\"},{\"@type\":\"ListItem\",\"position\":2,\"name\":\"Notre r\u00e9seau\"}]},{\"@type\":\"WebSite\",\"@id\":\"https:\/\/rezaboost.com\/#website\",\"url\":\"https:\/\/rezaboost.com\/\",\"name\":\"rezaboost.com\",\"description\":\"Une nouvelle \u00e8re dans la location courte dur\u00e9e\",\"publisher\":{\"@id\":\"https:\/\/rezaboost.com\/#organization\"},\"potentialAction\":[{\"@type\":\"SearchAction\",\"target\":{\"@type\":\"EntryPoint\",\"urlTemplate\":\"https:\/\/rezaboost.com\/?s={search_term_string}\"},\"query-input\":\"required name=search_term_string\"}],\"inLanguage\":\"en-US\"},{\"@type\":\"Organization\",\"@id\":\"https:\/\/rezaboost.com\/#organization\",\"name\":\"rezaboost.com\",\"url\":\"https:\/\/rezaboost.com\/\",\"logo\":{\"@type\":\"ImageObject\",\"inLanguage\":\"en-US\",\"@id\":\"https:\/\/rezaboost.com\/#\/schema\/logo\/image\/\",\"url\":\"https:\/\/rezaboost.com\/wp-content\/uploads\/2024\/01\/Logo.png\",\"contentUrl\":\"https:\/\/rezaboost.com\/wp-content\/uploads\/2024\/01\/Logo.png\",\"width\":749,\"height\":333,\"caption\":\"rezaboost.com\"},\"image\":{\"@id\":\"https:\/\/rezaboost.com\/#\/schema\/logo\/image\/\"},\"sameAs\":[\"https:\/\/www.facebook.com\/profile.php?id=61557172160558\",\"https:\/\/www.instagram.com\/rezaboost_france\/\"]}]}<\/script>\n<!-- \/ Yoast SEO plugin. -->","yoast_head_json":{"title":"Notre r\u00e9seau - rezaboost.com","robots":{"index":"index","follow":"follow","max-snippet":"max-snippet:-1","max-image-preview":"max-image-preview:large","max-video-preview":"max-video-preview:-1"},"canonical":"https:\/\/rezaboost.com\/index.php\/reseau\/","og_locale":"en_US","og_type":"article","og_title":"Notre r\u00e9seau - rezaboost.com","og_description":"RezaBoostRejoignez notre r\u00e9seau Nous recherchons en permanence des prestataires et des partenaires de confiance. Nous visons une couverture totale du territoire pour r\u00e9pondre efficacement \u00e0 chaque demande. Notre but est de ficeler un r\u00e9seau solide et ancr\u00e9 localement stimulant ainsi l'\u00e9conomie locale tout en r\u00e9pondant aux imp\u00e9ratifs d'une conscience \u00e9cologique. PrestatairesM\u00e9nage Blanchisserie Photographe Jardinier Travaux [&hellip;]","og_url":"https:\/\/rezaboost.com\/index.php\/reseau\/","og_site_name":"rezaboost.com","article_publisher":"https:\/\/www.facebook.com\/profile.php?id=61557172160558","article_modified_time":"2024-10-11T18:10:35+00:00","twitter_card":"summary_large_image","twitter_misc":{"Est. reading time":"4 minutes"},"schema":{"@context":"https:\/\/schema.org","@graph":[{"@type":"WebPage","@id":"https:\/\/rezaboost.com\/index.php\/reseau\/","url":"https:\/\/rezaboost.com\/index.php\/reseau\/","name":"Notre r\u00e9seau - rezaboost.com","isPartOf":{"@id":"https:\/\/rezaboost.com\/#website"},"datePublished":"2024-02-22T19:40:44+00:00","dateModified":"2024-10-11T18:10:35+00:00","breadcrumb":{"@id":"https:\/\/rezaboost.com\/index.php\/reseau\/#breadcrumb"},"inLanguage":"en-US","potentialAction":[{"@type":"ReadAction","target":["https:\/\/rezaboost.com\/index.php\/reseau\/"]}]},{"@type":"BreadcrumbList","@id":"https:\/\/rezaboost.com\/index.php\/reseau\/#breadcrumb","itemListElement":[{"@type":"ListItem","position":1,"name":"Accueil","item":"https:\/\/rezaboost.com\/"},{"@type":"ListItem","position":2,"name":"Notre r\u00e9seau"}]},{"@type":"WebSite","@id":"https:\/\/rezaboost.com\/#website","url":"https:\/\/rezaboost.com\/","name":"rezaboost.com","description":"Une nouvelle \u00e8re dans la location courte dur\u00e9e","publisher":{"@id":"https:\/\/rezaboost.com\/#organization"},"potentialAction":[{"@type":"SearchAction","target":{"@type":"EntryPoint","urlTemplate":"https:\/\/rezaboost.com\/?s={search_term_string}"},"query-input":"required name=search_term_string"}],"inLanguage":"en-US"},{"@type":"Organization","@id":"https:\/\/rezaboost.com\/#organization","name":"rezaboost.com","url":"https:\/\/rezaboost.com\/","logo":{"@type":"ImageObject","inLanguage":"en-US","@id":"https:\/\/rezaboost.com\/#\/schema\/logo\/image\/","url":"https:\/\/rezaboost.com\/wp-content\/uploads\/2024\/01\/Logo.png","contentUrl":"https:\/\/rezaboost.com\/wp-content\/uploads\/2024\/01\/Logo.png","width":749,"height":333,"caption":"rezaboost.com"},"image":{"@id":"https:\/\/rezaboost.com\/#\/schema\/logo\/image\/"},"sameAs":["https:\/\/www.facebook.com\/profile.php?id=61557172160558","https:\/\/www.instagram.com\/rezaboost_france\/"]}]}},"_links":{"self":[{"href":"https:\/\/rezaboost.com\/index.php\/wp-json\/wp\/v2\/pages\/960"}],"collection":[{"href":"https:\/\/rezaboost.com\/index.php\/wp-json\/wp\/v2\/pages"}],"about":[{"href":"https:\/\/rezaboost.com\/index.php\/wp-json\/wp\/v2\/types\/page"}],"author":[{"embeddable":true,"href":"https:\/\/rezaboost.com\/index.php\/wp-json\/wp\/v2\/users\/1"}],"replies":[{"embeddable":true,"href":"https:\/\/rezaboost.com\/index.php\/wp-json\/wp\/v2\/comments?post=960"}],"version-history":[{"count":15,"href":"https:\/\/rezaboost.com\/index.php\/wp-json\/wp\/v2\/pages\/960\/revisions"}],"predecessor-version":[{"id":1688,"href":"https:\/\/rezaboost.com\/index.php\/wp-json\/wp\/v2\/pages\/960\/revisions\/1688"}],"wp:attachment":[{"href":"https:\/\/rezaboost.com\/index.php\/wp-json\/wp\/v2\/media?parent=960"}],"curies":[{"name":"wp","href":"https:\/\/api.w.org\/{rel}","templated":true}]}}