{"id":1126,"date":"2024-02-24T08:48:54","date_gmt":"2024-02-24T07:48:54","guid":{"rendered":"https:\/\/rezaboost.com\/?page_id=1126"},"modified":"2024-02-25T17:40:45","modified_gmt":"2024-02-25T16:40:45","slug":"espace-simulation","status":"publish","type":"page","link":"https:\/\/rezaboost.com\/index.php\/espace-simulation\/","title":{"rendered":"Espace Simulation"},"content":{"rendered":"<p>[et_pb_section fb_built=&#8221;1&#8243; admin_label=&#8221;Header&#8221; _builder_version=&#8221;4.24.0&#8243; _module_preset=&#8221;default&#8221; background_color=&#8221;#000000&#8243; use_background_color_gradient=&#8221;on&#8221; background_color_gradient_type=&#8221;circular&#8221; background_color_gradient_direction_radial=&#8221;top right&#8221; background_color_gradient_stops=&#8221;rgba(255,0,153,0.6) 0%|rgba(0,0,0,0.3) 30%&#8221; background_color_gradient_overlays_image=&#8221;on&#8221; background_image=&#8221;https:\/\/rezaboost.com\/wp-content\/uploads\/2024\/01\/streamer-65-1.png&#8221; background_size=&#8221;contain&#8221; background_enable_pattern_style=&#8221;on&#8221; background_pattern_style=&#8221;inverted-chevrons-2&#8243; background_pattern_size=&#8221;stretch&#8221; locked=&#8221;off&#8221; collapsed=&#8221;on&#8221; global_colors_info=&#8221;{}&#8221;][et_pb_row _builder_version=&#8221;4.24.0&#8243; _module_preset=&#8221;default&#8221; global_colors_info=&#8221;{}&#8221;][et_pb_column type=&#8221;4_4&#8243; _builder_version=&#8221;4.17.4&#8243; _module_preset=&#8221;default&#8221; global_colors_info=&#8221;{}&#8221;][et_pb_text _builder_version=&#8221;4.24.0&#8243; _module_preset=&#8221;default&#8221; text_font_size=&#8221;129px&#8221; background_enable_image=&#8221;off&#8221; background_size=&#8221;custom&#8221; background_image_width=&#8221;35%&#8221; background_position=&#8221;center_right&#8221; background_horizontal_offset=&#8221;2%&#8221; text_orientation=&#8221;center&#8221; custom_margin=&#8221;||72px|||&#8221; custom_padding=&#8221;0px|||||&#8221; text_font_size_tablet=&#8221;129px&#8221; text_font_size_phone=&#8221;75px&#8221; text_font_size_last_edited=&#8221;on|tablet&#8221; text_text_shadow_style=&#8221;preset1&#8243; text_text_shadow_horizontal_length=&#8221;0.07em&#8221; text_text_shadow_blur_strength=&#8221;0.16em&#8221; locked=&#8221;off&#8221; global_colors_info=&#8221;{}&#8221;]<\/p>\n<p><span style=\"color: #ffffff;\">RezaBoost<\/span><\/p>\n<p>[\/et_pb_text][et_pb_text _builder_version=&#8221;4.24.2&#8243; _module_preset=&#8221;default&#8221; text_text_color=&#8221;#E02B20&#8243; text_font_size=&#8221;32px&#8221; text_letter_spacing=&#8221;1px&#8221; text_line_height=&#8221;1.8em&#8221; locked=&#8221;off&#8221; global_colors_info=&#8221;{}&#8221;]<\/p>\n<p style=\"text-align: center;\"><span style=\"color: #e02b20;\">Espace Simulation<\/span><br \/><span style=\"color: #e02b20;\"><\/span><\/p>\n<p style=\"text-align: center;\"><span style=\"color: #e02b20;\"><\/span><\/p>\n<p>[\/et_pb_text][\/et_pb_column][\/et_pb_row][et_pb_row _builder_version=&#8221;4.24.1&#8243; _module_preset=&#8221;default&#8221; global_colors_info=&#8221;{}&#8221;][et_pb_column type=&#8221;4_4&#8243; _builder_version=&#8221;4.24.1&#8243; _module_preset=&#8221;default&#8221; global_colors_info=&#8221;{}&#8221;][et_pb_text _builder_version=&#8221;4.24.2&#8243; _module_preset=&#8221;default&#8221; text_text_color=&#8221;#FFFFFF&#8221; text_font_size=&#8221;29px&#8221; text_line_height=&#8221;1.8em&#8221; text_orientation=&#8221;center&#8221; global_colors_info=&#8221;{}&#8221;]<\/p>\n<p>Simulez vos gains ! Accrochez-vous<\/p>\n<p>[\/et_pb_text][et_pb_text _builder_version=&#8221;4.24.2&#8243; _module_preset=&#8221;default&#8221; text_text_color=&#8221;#FFFFFF&#8221; text_font_size=&#8221;22px&#8221; text_line_height=&#8221;1.8em&#8221; text_orientation=&#8221;center&#8221; custom_margin=&#8221;178px|||||&#8221; global_colors_info=&#8221;{}&#8221;]<\/p>\n<p><span>\u00a0Boom ! Notre tout premier simulateur con\u00e7u pour tous ceux qui ont leurs pr\u00e9cieux biens en agence ou entre les mains expertes d&#8217;une conciergerie. \ud83d\ude80<br \/>Alors, combien vous pourriez gagner de plus tous les ans avec RezaBoost? \ud83d\ude48<\/span><\/p>\n<p><span><\/span><\/p>\n<p>[\/et_pb_text][et_pb_code module_id=&#8221;Longueduree&#8221; _builder_version=&#8221;4.24.1&#8243; _module_preset=&#8221;default&#8221; global_colors_info=&#8221;{}&#8221;]\n<div class=\"ccb-main-widget \" id=\"ccb_app_751\" data-calc-id=\"751\"><\/div>\n[\/et_pb_code][et_pb_text _builder_version=&#8221;4.24.2&#8243; _module_preset=&#8221;default&#8221; text_text_color=&#8221;#FFFFFF&#8221; text_font_size=&#8221;22px&#8221; text_line_height=&#8221;1.8em&#8221; text_orientation=&#8221;center&#8221; custom_margin=&#8221;178px|||||&#8221; global_colors_info=&#8221;{}&#8221;]<\/p>\n<p><span>Ici, nous vous montrons simplement \u00e0 quel point passer d&#8217;une location classique \u00e0 une location courte dur\u00e9e pourrait \u00eatre lucratif \ud83d\udcc8<\/span><\/p>\n<p><span><\/span><\/p>\n<p>[\/et_pb_text][et_pb_code module_id=&#8221;Courteduree&#8221; _builder_version=&#8221;4.24.1&#8243; _module_preset=&#8221;default&#8221; global_colors_info=&#8221;{}&#8221;]\n<div class=\"ccb-main-widget \" id=\"ccb_app_804\" data-calc-id=\"804\"><\/div>\n[\/et_pb_code][\/et_pb_column][\/et_pb_row][\/et_pb_section]<\/p>\n","protected":false},"excerpt":{"rendered":"<p>RezaBoostEspace Simulation Simulez vos gains ! Accrochez-vous\u00a0Boom ! Notre tout premier simulateur con\u00e7u pour tous ceux qui ont leurs pr\u00e9cieux biens en agence ou entre les mains expertes d&#8217;une conciergerie. \ud83d\ude80Alors, combien vous pourriez gagner de plus tous les ans avec RezaBoost? \ud83d\ude48 \n<div class=\"ccb-main-widget \" id=\"ccb_app_751\" data-calc-id=\"751\"><\/div>\nIci, nous vous montrons simplement \u00e0 quel point passer d&#8217;une location [&hellip;]<\/p>\n","protected":false},"author":1,"featured_media":0,"parent":0,"menu_order":0,"comment_status":"closed","ping_status":"closed","template":"","meta":{"_et_pb_use_builder":"on","_et_pb_old_content":"","_et_gb_content_width":"","footnotes":""},"yoast_head":"<!-- This site is optimized with the Yoast SEO plugin v23.0 - https:\/\/yoast.com\/wordpress\/plugins\/seo\/ -->\n<title>Espace Simulation - rezaboost.com<\/title>\n<meta name=\"robots\" content=\"index, follow, max-snippet:-1, max-image-preview:large, max-video-preview:-1\" \/>\n<link rel=\"canonical\" href=\"https:\/\/rezaboost.com\/index.php\/espace-simulation\/\" \/>\n<meta property=\"og:locale\" content=\"en_US\" \/>\n<meta property=\"og:type\" content=\"article\" \/>\n<meta property=\"og:title\" content=\"Espace Simulation - rezaboost.com\" \/>\n<meta property=\"og:description\" content=\"RezaBoostEspace Simulation Simulez vos gains ! Accrochez-vous\u00a0Boom ! Notre tout premier simulateur con\u00e7u pour tous ceux qui ont leurs pr\u00e9cieux biens en agence ou entre les mains expertes d&#039;une conciergerie. \ud83d\ude80Alors, combien vous pourriez gagner de plus tous les ans avec RezaBoost? \ud83d\ude48 Ici, nous vous montrons simplement \u00e0 quel point passer d&#039;une location [&hellip;]\" \/>\n<meta property=\"og:url\" content=\"https:\/\/rezaboost.com\/index.php\/espace-simulation\/\" \/>\n<meta property=\"og:site_name\" content=\"rezaboost.com\" \/>\n<meta property=\"article:publisher\" content=\"https:\/\/www.facebook.com\/profile.php?id=61557172160558\" \/>\n<meta property=\"article:modified_time\" content=\"2024-02-25T16:40:45+00:00\" \/>\n<meta name=\"twitter:card\" content=\"summary_large_image\" \/>\n<meta name=\"twitter:label1\" content=\"Est. reading time\" \/>\n\t<meta name=\"twitter:data1\" content=\"2 minutes\" \/>\n<script type=\"application\/ld+json\" class=\"yoast-schema-graph\">{\"@context\":\"https:\/\/schema.org\",\"@graph\":[{\"@type\":\"WebPage\",\"@id\":\"https:\/\/rezaboost.com\/index.php\/espace-simulation\/\",\"url\":\"https:\/\/rezaboost.com\/index.php\/espace-simulation\/\",\"name\":\"Espace Simulation - rezaboost.com\",\"isPartOf\":{\"@id\":\"https:\/\/rezaboost.com\/#website\"},\"datePublished\":\"2024-02-24T07:48:54+00:00\",\"dateModified\":\"2024-02-25T16:40:45+00:00\",\"breadcrumb\":{\"@id\":\"https:\/\/rezaboost.com\/index.php\/espace-simulation\/#breadcrumb\"},\"inLanguage\":\"en-US\",\"potentialAction\":[{\"@type\":\"ReadAction\",\"target\":[\"https:\/\/rezaboost.com\/index.php\/espace-simulation\/\"]}]},{\"@type\":\"BreadcrumbList\",\"@id\":\"https:\/\/rezaboost.com\/index.php\/espace-simulation\/#breadcrumb\",\"itemListElement\":[{\"@type\":\"ListItem\",\"position\":1,\"name\":\"Accueil\",\"item\":\"https:\/\/rezaboost.com\/\"},{\"@type\":\"ListItem\",\"position\":2,\"name\":\"Espace Simulation\"}]},{\"@type\":\"WebSite\",\"@id\":\"https:\/\/rezaboost.com\/#website\",\"url\":\"https:\/\/rezaboost.com\/\",\"name\":\"rezaboost.com\",\"description\":\"Une nouvelle \u00e8re dans la location courte dur\u00e9e\",\"publisher\":{\"@id\":\"https:\/\/rezaboost.com\/#organization\"},\"potentialAction\":[{\"@type\":\"SearchAction\",\"target\":{\"@type\":\"EntryPoint\",\"urlTemplate\":\"https:\/\/rezaboost.com\/?s={search_term_string}\"},\"query-input\":\"required name=search_term_string\"}],\"inLanguage\":\"en-US\"},{\"@type\":\"Organization\",\"@id\":\"https:\/\/rezaboost.com\/#organization\",\"name\":\"rezaboost.com\",\"url\":\"https:\/\/rezaboost.com\/\",\"logo\":{\"@type\":\"ImageObject\",\"inLanguage\":\"en-US\",\"@id\":\"https:\/\/rezaboost.com\/#\/schema\/logo\/image\/\",\"url\":\"https:\/\/rezaboost.com\/wp-content\/uploads\/2024\/01\/Logo.png\",\"contentUrl\":\"https:\/\/rezaboost.com\/wp-content\/uploads\/2024\/01\/Logo.png\",\"width\":749,\"height\":333,\"caption\":\"rezaboost.com\"},\"image\":{\"@id\":\"https:\/\/rezaboost.com\/#\/schema\/logo\/image\/\"},\"sameAs\":[\"https:\/\/www.facebook.com\/profile.php?id=61557172160558\",\"https:\/\/www.instagram.com\/rezaboost_france\/\"]}]}<\/script>\n<!-- \/ Yoast SEO plugin. -->","yoast_head_json":{"title":"Espace Simulation - rezaboost.com","robots":{"index":"index","follow":"follow","max-snippet":"max-snippet:-1","max-image-preview":"max-image-preview:large","max-video-preview":"max-video-preview:-1"},"canonical":"https:\/\/rezaboost.com\/index.php\/espace-simulation\/","og_locale":"en_US","og_type":"article","og_title":"Espace Simulation - rezaboost.com","og_description":"RezaBoostEspace Simulation Simulez vos gains ! Accrochez-vous\u00a0Boom ! Notre tout premier simulateur con\u00e7u pour tous ceux qui ont leurs pr\u00e9cieux biens en agence ou entre les mains expertes d'une conciergerie. \ud83d\ude80Alors, combien vous pourriez gagner de plus tous les ans avec RezaBoost? \ud83d\ude48 Ici, nous vous montrons simplement \u00e0 quel point passer d'une location [&hellip;]","og_url":"https:\/\/rezaboost.com\/index.php\/espace-simulation\/","og_site_name":"rezaboost.com","article_publisher":"https:\/\/www.facebook.com\/profile.php?id=61557172160558","article_modified_time":"2024-02-25T16:40:45+00:00","twitter_card":"summary_large_image","twitter_misc":{"Est. reading time":"2 minutes"},"schema":{"@context":"https:\/\/schema.org","@graph":[{"@type":"WebPage","@id":"https:\/\/rezaboost.com\/index.php\/espace-simulation\/","url":"https:\/\/rezaboost.com\/index.php\/espace-simulation\/","name":"Espace Simulation - rezaboost.com","isPartOf":{"@id":"https:\/\/rezaboost.com\/#website"},"datePublished":"2024-02-24T07:48:54+00:00","dateModified":"2024-02-25T16:40:45+00:00","breadcrumb":{"@id":"https:\/\/rezaboost.com\/index.php\/espace-simulation\/#breadcrumb"},"inLanguage":"en-US","potentialAction":[{"@type":"ReadAction","target":["https:\/\/rezaboost.com\/index.php\/espace-simulation\/"]}]},{"@type":"BreadcrumbList","@id":"https:\/\/rezaboost.com\/index.php\/espace-simulation\/#breadcrumb","itemListElement":[{"@type":"ListItem","position":1,"name":"Accueil","item":"https:\/\/rezaboost.com\/"},{"@type":"ListItem","position":2,"name":"Espace Simulation"}]},{"@type":"WebSite","@id":"https:\/\/rezaboost.com\/#website","url":"https:\/\/rezaboost.com\/","name":"rezaboost.com","description":"Une nouvelle \u00e8re dans la location courte dur\u00e9e","publisher":{"@id":"https:\/\/rezaboost.com\/#organization"},"potentialAction":[{"@type":"SearchAction","target":{"@type":"EntryPoint","urlTemplate":"https:\/\/rezaboost.com\/?s={search_term_string}"},"query-input":"required name=search_term_string"}],"inLanguage":"en-US"},{"@type":"Organization","@id":"https:\/\/rezaboost.com\/#organization","name":"rezaboost.com","url":"https:\/\/rezaboost.com\/","logo":{"@type":"ImageObject","inLanguage":"en-US","@id":"https:\/\/rezaboost.com\/#\/schema\/logo\/image\/","url":"https:\/\/rezaboost.com\/wp-content\/uploads\/2024\/01\/Logo.png","contentUrl":"https:\/\/rezaboost.com\/wp-content\/uploads\/2024\/01\/Logo.png","width":749,"height":333,"caption":"rezaboost.com"},"image":{"@id":"https:\/\/rezaboost.com\/#\/schema\/logo\/image\/"},"sameAs":["https:\/\/www.facebook.com\/profile.php?id=61557172160558","https:\/\/www.instagram.com\/rezaboost_france\/"]}]}},"_links":{"self":[{"href":"https:\/\/rezaboost.com\/index.php\/wp-json\/wp\/v2\/pages\/1126"}],"collection":[{"href":"https:\/\/rezaboost.com\/index.php\/wp-json\/wp\/v2\/pages"}],"about":[{"href":"https:\/\/rezaboost.com\/index.php\/wp-json\/wp\/v2\/types\/page"}],"author":[{"embeddable":true,"href":"https:\/\/rezaboost.com\/index.php\/wp-json\/wp\/v2\/users\/1"}],"replies":[{"embeddable":true,"href":"https:\/\/rezaboost.com\/index.php\/wp-json\/wp\/v2\/comments?post=1126"}],"version-history":[{"count":8,"href":"https:\/\/rezaboost.com\/index.php\/wp-json\/wp\/v2\/pages\/1126\/revisions"}],"predecessor-version":[{"id":1281,"href":"https:\/\/rezaboost.com\/index.php\/wp-json\/wp\/v2\/pages\/1126\/revisions\/1281"}],"wp:attachment":[{"href":"https:\/\/rezaboost.com\/index.php\/wp-json\/wp\/v2\/media?parent=1126"}],"curies":[{"name":"wp","href":"https:\/\/api.w.org\/{rel}","templated":true}]}}